{"id":32,"date":"2024-06-07T22:30:32","date_gmt":"2024-06-07T20:30:32","guid":{"rendered":"https:\/\/audeladeleau77.fr\/?page_id=32"},"modified":"2025-06-20T15:41:13","modified_gmt":"2025-06-20T13:41:13","slug":"allaitement-maternel","status":"publish","type":"page","link":"https:\/\/audeladeleau77.fr\/index.php\/allaitement-maternel\/","title":{"rendered":"Allaitement maternel"},"content":{"rendered":"\n<p>Trop de mamans \/ parents se posent beaucoup de questions sur l&rsquo;allaitement, ils re\u00e7oivent trop souvent des \u00ab\u00a0conseils\u00a0\u00bb contradictoires et erron\u00e9s. Il est important de bien se pr\u00e9parer. Je vous donnerai des conseils pour pr\u00e9parer et d\u00e9marrer votre allaitement. Lorsque b\u00e9b\u00e9 sera l\u00e0, je vous guiderai dans cette aventure : positions, tire-laits, nuits difficiles et autres.<\/p>\n\n\n\n<p>En atelier collectif ou individuel, je r\u00e9pondrai \u00e0 vos questions pour que tout se passe au mieux. Mon r\u00f4le sera aussi d&rsquo;orienter vers un professionnel si la situation le requiert.<\/p>\n\n\n\n<figure class=\"wp-block-gallery has-nested-images columns-default is-cropped wp-block-gallery-1 is-layout-flex wp-block-gallery-is-layout-flex\">\n<figure class=\"wp-block-image size-full\"><img loading=\"lazy\" decoding=\"async\" width=\"1920\" height=\"2560\" data-id=\"277\" src=\"https:\/\/audeladeleau77.fr\/wp-content\/uploads\/2025\/06\/IMG_4478-scaled.jpeg\" alt=\"\" class=\"wp-image-277\" srcset=\"https:\/\/audeladeleau77.fr\/wp-content\/uploads\/2025\/06\/IMG_4478-scaled.jpeg 1920w, https:\/\/audeladeleau77.fr\/wp-content\/uploads\/2025\/06\/IMG_4478-225x300.jpeg 225w\" sizes=\"auto, (max-width: 1920px) 100vw, 1920px\" \/><\/figure>\n\n\n\n<figure class=\"wp-block-image size-large\"><img loading=\"lazy\" decoding=\"async\" width=\"1024\" height=\"682\" data-id=\"178\" src=\"https:\/\/audeladeleau77.fr\/wp-content\/uploads\/2025\/02\/WhatsApp-Image-2024-11-05-at-14.59.14-4-1024x682.jpeg\" alt=\"\" class=\"wp-image-178\" srcset=\"https:\/\/audeladeleau77.fr\/wp-content\/uploads\/2025\/02\/WhatsApp-Image-2024-11-05-at-14.59.14-4-1024x682.jpeg 1024w, https:\/\/audeladeleau77.fr\/wp-content\/uploads\/2025\/02\/WhatsApp-Image-2024-11-05-at-14.59.14-4-300x200.jpeg 300w, https:\/\/audeladeleau77.fr\/wp-content\/uploads\/2025\/02\/WhatsApp-Image-2024-11-05-at-14.59.14-4-768x512.jpeg 768w, https:\/\/audeladeleau77.fr\/wp-content\/uploads\/2025\/02\/WhatsApp-Image-2024-11-05-at-14.59.14-4-1536x1023.jpeg 1536w, https:\/\/audeladeleau77.fr\/wp-content\/uploads\/2025\/02\/WhatsApp-Image-2024-11-05-at-14.59.14-4.jpeg 1600w\" sizes=\"auto, (max-width: 1024px) 100vw, 1024px\" \/><\/figure>\n\n\n\n<figure class=\"wp-block-image size-large\"><img loading=\"lazy\" decoding=\"async\" width=\"1024\" height=\"1024\" data-id=\"179\" src=\"https:\/\/audeladeleau77.fr\/wp-content\/uploads\/2025\/02\/WhatsApp-Image-2024-11-05-at-14.59.14-3-1024x1024.jpeg\" alt=\"\" class=\"wp-image-179\" srcset=\"https:\/\/audeladeleau77.fr\/wp-content\/uploads\/2025\/02\/WhatsApp-Image-2024-11-05-at-14.59.14-3-1024x1024.jpeg 1024w, https:\/\/audeladeleau77.fr\/wp-content\/uploads\/2025\/02\/WhatsApp-Image-2024-11-05-at-14.59.14-3-300x300.jpeg 300w, https:\/\/audeladeleau77.fr\/wp-content\/uploads\/2025\/02\/WhatsApp-Image-2024-11-05-at-14.59.14-3-150x150.jpeg 150w, https:\/\/audeladeleau77.fr\/wp-content\/uploads\/2025\/02\/WhatsApp-Image-2024-11-05-at-14.59.14-3-768x768.jpeg 768w, https:\/\/audeladeleau77.fr\/wp-content\/uploads\/2025\/02\/WhatsApp-Image-2024-11-05-at-14.59.14-3-1536x1536.jpeg 1536w, https:\/\/audeladeleau77.fr\/wp-content\/uploads\/2025\/02\/WhatsApp-Image-2024-11-05-at-14.59.14-3.jpeg 1600w\" sizes=\"auto, (max-width: 1024px) 100vw, 1024px\" \/><\/figure>\n<\/figure>\n\n\n\n<h2 class=\"wp-block-heading\">Tarifs<\/h2>\n\n\n\n<div class=\"wp-block-columns is-layout-flex wp-container-core-columns-is-layout-28f84493 wp-block-columns-is-layout-flex\">\n<div class=\"wp-block-column is-layout-flow wp-block-column-is-layout-flow\">\n<h5 class=\"wp-block-heading\">Accompagnement \u00e0 l&rsquo;allaitement<\/h5>\n<\/div>\n\n\n\n<div class=\"wp-block-column is-layout-flow wp-block-column-is-layout-flow\">\n<h5 class=\"wp-block-heading\">Dur\u00e9e : 1h30 environ<\/h5>\n<\/div>\n\n\n\n<div class=\"wp-block-column is-layout-flow wp-block-column-is-layout-flow\">\n<h5 class=\"wp-block-heading\">Prix : 50\u20ac<\/h5>\n<\/div>\n<\/div>\n","protected":false},"excerpt":{"rendered":"<p>Trop de mamans \/ parents se posent beaucoup de questions sur l&rsquo;allaitement, ils re\u00e7oivent trop souvent des \u00ab\u00a0conseils\u00a0\u00bb contradictoires et erron\u00e9s. Il est important de bien se pr\u00e9parer. Je vous donnerai des conseils pour pr\u00e9parer et d\u00e9marrer votre allaitement. Lorsque b\u00e9b\u00e9 sera l\u00e0, je vous guiderai dans cette aventure : positions, tire-laits, nuits difficiles et [&hellip;]<\/p>\n","protected":false},"author":2,"featured_media":0,"parent":0,"menu_order":0,"comment_status":"closed","ping_status":"closed","template":"","meta":{"_themeisle_gutenberg_block_has_review":false,"footnotes":""},"class_list":["post-32","page","type-page","status-publish","hentry"],"_links":{"self":[{"href":"https:\/\/audeladeleau77.fr\/index.php\/wp-json\/wp\/v2\/pages\/32","targetHints":{"allow":["GET"]}}],"collection":[{"href":"https:\/\/audeladeleau77.fr\/index.php\/wp-json\/wp\/v2\/pages"}],"about":[{"href":"https:\/\/audeladeleau77.fr\/index.php\/wp-json\/wp\/v2\/types\/page"}],"author":[{"embeddable":true,"href":"https:\/\/audeladeleau77.fr\/index.php\/wp-json\/wp\/v2\/users\/2"}],"replies":[{"embeddable":true,"href":"https:\/\/audeladeleau77.fr\/index.php\/wp-json\/wp\/v2\/comments?post=32"}],"version-history":[{"count":7,"href":"https:\/\/audeladeleau77.fr\/index.php\/wp-json\/wp\/v2\/pages\/32\/revisions"}],"predecessor-version":[{"id":279,"href":"https:\/\/audeladeleau77.fr\/index.php\/wp-json\/wp\/v2\/pages\/32\/revisions\/279"}],"wp:attachment":[{"href":"https:\/\/audeladeleau77.fr\/index.php\/wp-json\/wp\/v2\/media?parent=32"}],"curies":[{"name":"wp","href":"https:\/\/api.w.org\/{rel}","templated":true}]}}