{"id":45,"date":"2024-06-11T21:30:06","date_gmt":"2024-06-11T19:30:06","guid":{"rendered":"https:\/\/audeladeleau77.fr\/?page_id=45"},"modified":"2025-06-20T14:08:06","modified_gmt":"2025-06-20T12:08:06","slug":"portage-physiologique","status":"publish","type":"page","link":"https:\/\/audeladeleau77.fr\/index.php\/portage-physiologique\/","title":{"rendered":"Portage physiologique"},"content":{"rendered":"\n<div class=\"wp-block-columns is-layout-flex wp-container-core-columns-is-layout-28f84493 wp-block-columns-is-layout-flex\">\n<div class=\"wp-block-column is-layout-flow wp-block-column-is-layout-flow\">\n<figure class=\"wp-block-gallery has-nested-images columns-default is-cropped wp-block-gallery-1 is-layout-flex wp-block-gallery-is-layout-flex\">\n<figure class=\"wp-block-image size-large\"><img loading=\"lazy\" decoding=\"async\" width=\"683\" height=\"1024\" data-id=\"104\" src=\"https:\/\/audeladeleau77.fr\/wp-content\/uploads\/2024\/08\/IMG_2613-683x1024.jpeg\" alt=\"\" class=\"wp-image-104\" srcset=\"https:\/\/audeladeleau77.fr\/wp-content\/uploads\/2024\/08\/IMG_2613-683x1024.jpeg 683w, https:\/\/audeladeleau77.fr\/wp-content\/uploads\/2024\/08\/IMG_2613-200x300.jpeg 200w, https:\/\/audeladeleau77.fr\/wp-content\/uploads\/2024\/08\/IMG_2613-768x1152.jpeg 768w, https:\/\/audeladeleau77.fr\/wp-content\/uploads\/2024\/08\/IMG_2613-1024x1536.jpeg 1024w, https:\/\/audeladeleau77.fr\/wp-content\/uploads\/2024\/08\/IMG_2613-1365x2048.jpeg 1365w, https:\/\/audeladeleau77.fr\/wp-content\/uploads\/2024\/08\/IMG_2613-scaled.jpeg 1707w\" sizes=\"auto, (max-width: 683px) 100vw, 683px\" \/><\/figure>\n<\/figure>\n<\/div>\n\n\n\n<div class=\"wp-block-column is-layout-flow wp-block-column-is-layout-flow\">\n<p>Le portage a beaucoup de bienfaits pour le b\u00e9b\u00e9 mais aussi pour la personne qui porte.<\/p>\n\n\n\n<p>Il permet de cr\u00e9er un lien avec la maman ou le co-parent, favorise l&rsquo;allaitement.<\/p>\n\n\n\n<p>Vous apprendrez \u00e0 porter votre b\u00e9b\u00e9 en s\u00e9curit\u00e9 avec diff\u00e9rentes techniques de nouage ou de porte b\u00e9b\u00e9.<\/p>\n\n\n\n<p>Nous trouverons quelle solution vous sera le mieux adapt\u00e9e !<\/p>\n<\/div>\n<\/div>\n\n\n\n<h2 class=\"wp-block-heading\">Tarifs<\/h2>\n\n\n\n<div class=\"wp-block-columns is-layout-flex wp-container-core-columns-is-layout-28f84493 wp-block-columns-is-layout-flex\">\n<div class=\"wp-block-column is-layout-flow wp-block-column-is-layout-flow\">\n<h5 class=\"wp-block-heading\">S\u00e9ance individuelle d&rsquo;1h30<\/h5>\n<\/div>\n\n\n\n<div class=\"wp-block-column is-layout-flow wp-block-column-is-layout-flow\">\n<h5 class=\"wp-block-heading\">70\u20ac<\/h5>\n<\/div>\n<\/div>\n","protected":false},"excerpt":{"rendered":"<p>Le portage a beaucoup de bienfaits pour le b\u00e9b\u00e9 mais aussi pour la personne qui porte. Il permet de cr\u00e9er un lien avec la maman ou le co-parent, favorise l&rsquo;allaitement. Vous apprendrez \u00e0 porter votre b\u00e9b\u00e9 en s\u00e9curit\u00e9 avec diff\u00e9rentes techniques de nouage ou de porte b\u00e9b\u00e9. Nous trouverons quelle solution vous sera le mieux [&hellip;]<\/p>\n","protected":false},"author":2,"featured_media":0,"parent":0,"menu_order":0,"comment_status":"closed","ping_status":"closed","template":"","meta":{"_themeisle_gutenberg_block_has_review":false,"footnotes":""},"class_list":["post-45","page","type-page","status-publish","hentry"],"_links":{"self":[{"href":"https:\/\/audeladeleau77.fr\/index.php\/wp-json\/wp\/v2\/pages\/45","targetHints":{"allow":["GET"]}}],"collection":[{"href":"https:\/\/audeladeleau77.fr\/index.php\/wp-json\/wp\/v2\/pages"}],"about":[{"href":"https:\/\/audeladeleau77.fr\/index.php\/wp-json\/wp\/v2\/types\/page"}],"author":[{"embeddable":true,"href":"https:\/\/audeladeleau77.fr\/index.php\/wp-json\/wp\/v2\/users\/2"}],"replies":[{"embeddable":true,"href":"https:\/\/audeladeleau77.fr\/index.php\/wp-json\/wp\/v2\/comments?post=45"}],"version-history":[{"count":6,"href":"https:\/\/audeladeleau77.fr\/index.php\/wp-json\/wp\/v2\/pages\/45\/revisions"}],"predecessor-version":[{"id":239,"href":"https:\/\/audeladeleau77.fr\/index.php\/wp-json\/wp\/v2\/pages\/45\/revisions\/239"}],"wp:attachment":[{"href":"https:\/\/audeladeleau77.fr\/index.php\/wp-json\/wp\/v2\/media?parent=45"}],"curies":[{"name":"wp","href":"https:\/\/api.w.org\/{rel}","templated":true}]}}