{"id":98,"date":"2024-08-28T21:45:20","date_gmt":"2024-08-28T19:45:20","guid":{"rendered":"https:\/\/audeladeleau77.fr\/?page_id=98"},"modified":"2025-06-20T15:45:52","modified_gmt":"2025-06-20T13:45:52","slug":"qui-suis-je","status":"publish","type":"page","link":"https:\/\/audeladeleau77.fr\/index.php\/qui-suis-je\/","title":{"rendered":"Qui suis-je ?"},"content":{"rendered":"\n<div class=\"wp-block-columns is-layout-flex wp-container-core-columns-is-layout-28f84493 wp-block-columns-is-layout-flex\">\n<div class=\"wp-block-column is-layout-flow wp-block-column-is-layout-flow\">\n<figure class=\"wp-block-gallery has-nested-images columns-default is-cropped wp-block-gallery-1 is-layout-flex wp-block-gallery-is-layout-flex\">\n<figure class=\"wp-block-image size-large\"><img loading=\"lazy\" decoding=\"async\" width=\"1024\" height=\"1024\" data-id=\"175\" src=\"https:\/\/audeladeleau77.fr\/wp-content\/uploads\/2025\/02\/WhatsApp-Image-2024-11-05-at-15.02.01-edited-1024x1024.jpeg\" alt=\"\" class=\"wp-image-175\" srcset=\"https:\/\/audeladeleau77.fr\/wp-content\/uploads\/2025\/02\/WhatsApp-Image-2024-11-05-at-15.02.01-edited-1024x1024.jpeg 1024w, https:\/\/audeladeleau77.fr\/wp-content\/uploads\/2025\/02\/WhatsApp-Image-2024-11-05-at-15.02.01-edited-300x300.jpeg 300w, https:\/\/audeladeleau77.fr\/wp-content\/uploads\/2025\/02\/WhatsApp-Image-2024-11-05-at-15.02.01-edited-150x150.jpeg 150w, https:\/\/audeladeleau77.fr\/wp-content\/uploads\/2025\/02\/WhatsApp-Image-2024-11-05-at-15.02.01-edited-768x768.jpeg 768w, https:\/\/audeladeleau77.fr\/wp-content\/uploads\/2025\/02\/WhatsApp-Image-2024-11-05-at-15.02.01-edited.jpeg 1066w\" sizes=\"auto, (max-width: 1024px) 100vw, 1024px\" \/><\/figure>\n<\/figure>\n<\/div>\n\n\n\n<div class=\"wp-block-column is-layout-flow wp-block-column-is-layout-flow\">\n<p>Je m&rsquo;appelle S\u00e9verine, je suis maman de 3 jeunes filles. Auxiliaire de pu\u00e9riculture depuis 28 ans, j&rsquo;ai toujours exerc\u00e9 en p\u00e9diatrie. Au cours de ces 28 ann\u00e9es, j&rsquo;au pu acqu\u00e9rir de l&rsquo;exp\u00e9rience mais il me manquait toujours quelque chose pour am\u00e9liorer le quotidien et apaiser les b\u00e9b\u00e9s lors de leurs hospitalisations. En faisant des recherches, j&rsquo;ai vu une vid\u00e9o de Sonia Krief (le bain de Sonia), cr\u00e9atrice du TBB. Je l&rsquo;ai contact\u00e9e et j&rsquo;ai pu obtenir cette merveilleuse formation et rentrer \u00e0 l&rsquo;\u00e9cole du bien-na\u00eetre.<\/p>\n\n\n\n<p>Le th\u00e9rapeutique bain b\u00e9b\u00e9 a boulevers\u00e9 ma vie professionnelle et priv\u00e9e. C&rsquo;est pour cela que je me suis form\u00e9e \u00e0 l&rsquo;\u00e9cole du bien na\u00eetre par des professionnelles extraordinaires et que je vous propose un accompagnement p\u00e9rinatal.<\/p>\n<\/div>\n<\/div>\n","protected":false},"excerpt":{"rendered":"<p>Je m&rsquo;appelle S\u00e9verine, je suis maman de 3 jeunes filles. Auxiliaire de pu\u00e9riculture depuis 28 ans, j&rsquo;ai toujours exerc\u00e9 en p\u00e9diatrie. Au cours de ces 28 ann\u00e9es, j&rsquo;au pu acqu\u00e9rir de l&rsquo;exp\u00e9rience mais il me manquait toujours quelque chose pour am\u00e9liorer le quotidien et apaiser les b\u00e9b\u00e9s lors de leurs hospitalisations. En faisant des recherches, [&hellip;]<\/p>\n","protected":false},"author":2,"featured_media":0,"parent":0,"menu_order":0,"comment_status":"closed","ping_status":"closed","template":"","meta":{"_themeisle_gutenberg_block_has_review":false,"footnotes":""},"class_list":["post-98","page","type-page","status-publish","hentry"],"_links":{"self":[{"href":"https:\/\/audeladeleau77.fr\/index.php\/wp-json\/wp\/v2\/pages\/98","targetHints":{"allow":["GET"]}}],"collection":[{"href":"https:\/\/audeladeleau77.fr\/index.php\/wp-json\/wp\/v2\/pages"}],"about":[{"href":"https:\/\/audeladeleau77.fr\/index.php\/wp-json\/wp\/v2\/types\/page"}],"author":[{"embeddable":true,"href":"https:\/\/audeladeleau77.fr\/index.php\/wp-json\/wp\/v2\/users\/2"}],"replies":[{"embeddable":true,"href":"https:\/\/audeladeleau77.fr\/index.php\/wp-json\/wp\/v2\/comments?post=98"}],"version-history":[{"count":4,"href":"https:\/\/audeladeleau77.fr\/index.php\/wp-json\/wp\/v2\/pages\/98\/revisions"}],"predecessor-version":[{"id":285,"href":"https:\/\/audeladeleau77.fr\/index.php\/wp-json\/wp\/v2\/pages\/98\/revisions\/285"}],"wp:attachment":[{"href":"https:\/\/audeladeleau77.fr\/index.php\/wp-json\/wp\/v2\/media?parent=98"}],"curies":[{"name":"wp","href":"https:\/\/api.w.org\/{rel}","templated":true}]}}